{"id":2930,"date":"2024-01-17T11:55:14","date_gmt":"2024-01-17T11:55:14","guid":{"rendered":"https:\/\/wpayo.com\/fr\/?post_type=product&#038;p=2930"},"modified":"2024-01-17T11:55:14","modified_gmt":"2024-01-17T11:55:14","slug":"durango-payment-gateway-contact-form-7","status":"publish","type":"product","link":"https:\/\/wpayo.com\/fr\/paiement-gateway\/durango-payment-gateway-contact-form-7\/","title":{"rendered":"Durango Payment Gateway &#8211; Contact Form 7"},"content":{"rendered":"<div class=\"flex flex-grow flex-col gap-3 max-w-full\">\n<div class=\"min-h-[20px] flex flex-col items-start gap-3 whitespace-pre-wrap break-words overflow-x-auto\">\n<div class=\"markdown prose w-full break-words dark:prose-invert dark\">\n            <strong>Passerelle de paiement Durango pour Contact Form 7<\/strong><\/p>\n<p>            Optimisez vos capacit\u00e9s de traitement des paiements avec la passerelle de paiement Durango pour Contact Form 7. Traitez de mani\u00e8re transparente et s\u00e9curis\u00e9e les paiements via des m\u00e9thodes populaires telles que les cartes de cr\u00e9dit, PayPal, Apple Pay, et bien plus encore. Ce plugin polyvalent garantit une exp\u00e9rience de paiement conviviale et s\u00e9curis\u00e9e, enti\u00e8rement int\u00e9gr\u00e9e \u00e0 la plateforme Contact Form 7.<\/p>\n<p>            <strong>Compatibilit\u00e9 parfaite avec tous les th\u00e8mes WordPress<\/strong><\/p>\n<h4>Pourquoi choisir la passerelle de paiement Durango pour Contact Form 7 ?<\/h4>\n<p>            <strong>1. Configuration rapide et sans effort<\/strong> Commencez en un rien de temps avec le plugin de passerelle de paiement Durango. Son installation et sa configuration simples en font une brise pour d\u00e9marrer votre parcours de traitement des paiements.<\/p>\n<p>            <strong>2. S\u00e9curit\u00e9 renforc\u00e9e des paiements<\/strong> Soyez tranquille avec la passerelle de paiement Durango, offrant un moyen s\u00e9curis\u00e9 de traiter les paiements via votre Contact Form 7, assurant la s\u00e9curit\u00e9 tant pour vous que pour vos clients.<\/p>\n<p>            <strong>3. Exp\u00e9rience de paiement simplifi\u00e9e<\/strong> Am\u00e9liorez l&rsquo;exp\u00e9rience de paiement pour vos clients. Ils peuvent effectuer des paiements rapidement et sans heurts sans quitter la plateforme Contact Form 7.<\/p>\n<p>            <strong>4. Options de paiement polyvalentes<\/strong> Accueillez un large \u00e9ventail de clients en acceptant des paiements par cartes de cr\u00e9dit, PayPal, Apple Pay, et bien plus encore.<\/p>\n<h4>Pr\u00e9sentation de la passerelle de paiement Durango pour Contact Form 7<\/h4>\n<p>            Le plugin de passerelle de paiement Durango simplifie le traitement des paiements au sein de votre Contact Form 7, prenant en charge diverses passerelles de paiement, notamment les principales cartes de cr\u00e9dit, PayPal, Apple Pay, et bien plus encore. L&rsquo;installation et la configuration sont simples, vous permettant de d\u00e9marrer votre parcours de traitement des paiements sans d\u00e9lai.<\/p>\n<h4>Comment utiliser la passerelle de paiement Durango pour Contact Form 7<\/h4>\n<p>            Pour int\u00e9grer le plugin de passerelle de paiement Durango avec Contact Form 7 et utiliser ses API dans votre tableau de bord WordPress, suivez ces \u00e9tapes :<\/p>\n<p>            <strong>Commencer :<\/strong><\/p>\n<p>            <strong>Exigences pour la passerelle de paiement Durango pour Contact Form 7<\/strong><\/p>\n<p>            Le plugin de passerelle de paiement Durango n\u00e9cessite quelques composants essentiels pour une int\u00e9gration transparente. Vous aurez besoin d&rsquo;un site WordPress avec le plugin Contact Form 7 install\u00e9. De plus, vous devez configurer un compte avec Durango pour commencer le traitement des paiements.<\/p>\n<p>            <strong>Configuration de la passerelle de paiement Durango :<\/strong><\/p>\n<ol>\n<li>Connectez-vous \u00e0 votre tableau de bord d&rsquo;administration WordPress.<\/li>\n<li>Acc\u00e9dez \u00e0 la section &lsquo;Extensions&rsquo; et cliquez sur &lsquo;Ajouter une nouvelle&rsquo;.<\/li>\n<li>Recherchez le plugin &lsquo;Durango Payment Gateway&rsquo; et installez-le.<\/li>\n<li>Apr\u00e8s l&rsquo;installation, cliquez sur &lsquo;Activer&rsquo; pour activer le plugin.<\/li>\n<li>Dans votre tableau de bord WordPress, localisez les param\u00e8tres de &lsquo;Durango Payment Gateway&rsquo;, g\u00e9n\u00e9ralement sous &lsquo;R\u00e9glages&rsquo; ou &lsquo;Paiements&rsquo;.<\/li>\n<li>Vous devrez entrer vos informations d&rsquo;API fournies par Durango.<\/li>\n<\/ol>\n<p>            <strong>Utilisation de la passerelle de paiement Durango dans Contact Form 7 :<\/strong><\/p>\n<ol>\n<li>Cr\u00e9ez ou modifiez un formulaire Contact Form 7 o\u00f9 vous souhaitez int\u00e9grer Durango.<\/li>\n<li>Ajoutez un champ de paiement \u00e0 votre formulaire et configurez-le pour utiliser Durango comme processeur de paiement.<\/li>\n<li>Personnalisez le champ de paiement avec vos options, libell\u00e9s et tarifs souhait\u00e9s.<\/li>\n<\/ol>\n<p>            <strong>Test du traitement des paiements :<\/strong><\/p>\n<p>            Avant de passer en direct, il est essentiel de tester le traitement des paiements pour vous assurer que tout fonctionne correctement. Effectuez un paiement de test en utilisant le formulaire pour v\u00e9rifier que l&rsquo;int\u00e9gration de la passerelle de paiement Durango fonctionne comme pr\u00e9vu.<\/p>\n<p>            Le plugin de passerelle de paiement Durango rationalise le processus de paiement, offrant une gamme de m\u00e9thodes de paiement, notamment les cartes de cr\u00e9dit, PayPal, Apple Pay, et bien plus encore. Les clients peuvent effectuer des paiements rapidement et en toute s\u00e9curit\u00e9 au sein de votre Contact Form 7, garantissant une exp\u00e9rience de paiement fluide et la tranquillit\u00e9 d&rsquo;esprit tant pour vous que pour vos clients.\n        <\/p><\/div>\n<\/p><\/div>\n<\/div>\n","protected":false},"excerpt":{"rendered":"<p>Integrate Durango Gateway for Contact Form 7<\/p>\n","protected":false},"featured_media":2931,"comment_status":"open","ping_status":"closed","template":"","meta":{"_acf_changed":false},"product_cat":[53],"product_tag":[261],"class_list":{"0":"post-2930","1":"product","2":"type-product","3":"status-publish","4":"has-post-thumbnail","6":"product_cat-contact-form-7","7":"product_tag-durango","9":"first","10":"instock","11":"featured","12":"shipping-taxable","13":"purchasable","14":"product-type-simple"},"acf":[],"_links":{"self":[{"href":"https:\/\/wpayo.com\/fr\/wp-json\/wp\/v2\/product\/2930","targetHints":{"allow":["GET"]}}],"collection":[{"href":"https:\/\/wpayo.com\/fr\/wp-json\/wp\/v2\/product"}],"about":[{"href":"https:\/\/wpayo.com\/fr\/wp-json\/wp\/v2\/types\/product"}],"replies":[{"embeddable":true,"href":"https:\/\/wpayo.com\/fr\/wp-json\/wp\/v2\/comments?post=2930"}],"wp:featuredmedia":[{"embeddable":true,"href":"https:\/\/wpayo.com\/fr\/wp-json\/wp\/v2\/media\/2931"}],"wp:attachment":[{"href":"https:\/\/wpayo.com\/fr\/wp-json\/wp\/v2\/media?parent=2930"}],"wp:term":[{"taxonomy":"product_cat","embeddable":true,"href":"https:\/\/wpayo.com\/fr\/wp-json\/wp\/v2\/product_cat?post=2930"},{"taxonomy":"product_tag","embeddable":true,"href":"https:\/\/wpayo.com\/fr\/wp-json\/wp\/v2\/product_tag?post=2930"}],"curies":[{"name":"wp","href":"https:\/\/api.w.org\/{rel}","templated":true}]}}